{"id":41,"date":"2025-06-26T22:34:14","date_gmt":"2025-06-26T22:34:14","guid":{"rendered":"http:\/\/hadimkoynakliyat.com.tr\/?page_id=41"},"modified":"2025-06-26T22:49:14","modified_gmt":"2025-06-26T22:49:14","slug":"home","status":"publish","type":"page","link":"https:\/\/hadimkoynakliyat.com.tr\/","title":{"rendered":"HADIMK\u00d6Y NAKL\u0130YAT"},"content":{"rendered":"\n<p class=\"has-medium-font-size\"><strong><em><mark>Had\u0131mk\u00f6y Nakliyat<\/mark><\/em>\u00a0sanayi b\u00f6lgesi ta\u015f\u0131ma\u00a0<em><mark>Had\u0131mk\u00f6y Nakliyat<\/mark><\/em>\u00a0kaliteli kamyon kamyonet filosu\u00a0<em><mark>Had\u0131mk\u00f6y Nakliyat<\/mark><\/em>\u00a0Kaliteli \u00c7al\u0131\u015fan Filosu\u00a0<em><mark>Had\u0131mk\u00f6y Nakliyat<\/mark><\/em>\u00a0G\u00fcvenli Ta\u015f\u0131ma\u00a0<em><mark>Had\u0131mk\u00f6y Nakliyat<\/mark><\/em>\u00a0Kaliteli Filosu ve kaliteli ta\u015f\u0131ma \u00e7\u00f6z\u00fcmleri ile size kaliteli ve huzurlu bir ta\u015f\u0131mac\u0131l\u0131k \u00e7\u00f6z\u00fcm\u00fc ile yard\u0131mc\u0131 oluyor size yard\u0131mc\u0131 olmak i\u00e7in\u00a0<em><mark>Had\u0131mk\u00f6y Nakliyat<\/mark><\/em>\u00a0a ula\u015fman\u0131z\u0131 bekliyoruz<\/strong><\/p>\n\n\n\n<p><\/p>\n","protected":false},"excerpt":{"rendered":"<p>Had\u0131mk\u00f6y Nakliyat\u00a0sanayi b\u00f6lgesi ta\u015f\u0131ma\u00a0Had\u0131mk\u00f6y Nakliyat\u00a0kaliteli kamyon kamyonet filosu\u00a0Had\u0131mk\u00f6y Nakliyat\u00a0Kaliteli \u00c7al\u0131\u015fan Filosu\u00a0Had\u0131mk\u00f6y Nakliyat\u00a0G\u00fcvenli Ta\u015f\u0131ma\u00a0Had\u0131mk\u00f6y Nakliyat\u00a0Kaliteli Filosu ve kaliteli ta\u015f\u0131ma \u00e7\u00f6z\u00fcmleri ile size kaliteli ve huzurlu bir ta\u015f\u0131mac\u0131l\u0131k \u00e7\u00f6z\u00fcm\u00fc ile yard\u0131mc\u0131 oluyor size yard\u0131mc\u0131 olmak i\u00e7in\u00a0Had\u0131mk\u00f6y Nakliyat\u00a0a ula\u015fman\u0131z\u0131 bekliyoruz<\/p>\n","protected":false},"author":1,"featured_media":0,"parent":0,"menu_order":0,"comment_status":"closed","ping_status":"closed","template":"templates\/template-homepage.php","meta":{"footnotes":""},"class_list":["post-41","page","type-page","status-publish","hentry"],"_links":{"self":[{"href":"https:\/\/hadimkoynakliyat.com.tr\/index.php?rest_route=\/wp\/v2\/pages\/41","targetHints":{"allow":["GET"]}}],"collection":[{"href":"https:\/\/hadimkoynakliyat.com.tr\/index.php?rest_route=\/wp\/v2\/pages"}],"about":[{"href":"https:\/\/hadimkoynakliyat.com.tr\/index.php?rest_route=\/wp\/v2\/types\/page"}],"author":[{"embeddable":true,"href":"https:\/\/hadimkoynakliyat.com.tr\/index.php?rest_route=\/wp\/v2\/users\/1"}],"replies":[{"embeddable":true,"href":"https:\/\/hadimkoynakliyat.com.tr\/index.php?rest_route=%2Fwp%2Fv2%2Fcomments&post=41"}],"version-history":[{"count":2,"href":"https:\/\/hadimkoynakliyat.com.tr\/index.php?rest_route=\/wp\/v2\/pages\/41\/revisions"}],"predecessor-version":[{"id":52,"href":"https:\/\/hadimkoynakliyat.com.tr\/index.php?rest_route=\/wp\/v2\/pages\/41\/revisions\/52"}],"wp:attachment":[{"href":"https:\/\/hadimkoynakliyat.com.tr\/index.php?rest_route=%2Fwp%2Fv2%2Fmedia&parent=41"}],"curies":[{"name":"wp","href":"https:\/\/api.w.org\/{rel}","templated":true}]}}