{"id":91,"date":"2025-07-05T15:50:27","date_gmt":"2025-07-05T15:50:27","guid":{"rendered":"https:\/\/hadimkoynakliyat.com.tr\/?page_id=91"},"modified":"2025-07-05T15:51:22","modified_gmt":"2025-07-05T15:51:22","slug":"iletisim","status":"publish","type":"page","link":"https:\/\/hadimkoynakliyat.com.tr\/?page_id=91","title":{"rendered":"\u0130LET\u0130\u015e\u0130M"},"content":{"rendered":"\n<p>Had\u0131mk\u00f6y Nakliyat \u0130leti\u015fim<\/p>\n\n\n\n<p><\/p>\n\n\n\n<p>Had\u0131mk\u00f6y Nakliyat olarak, \u0130stanbul\u2019un Had\u0131mk\u00f6y b\u00f6lgesinde h\u0131zl\u0131, g\u00fcvenilir ve profesyonel nakliyat hizmeti sunuyoruz. Evden eve ta\u015f\u0131mac\u0131l\u0131k, ofis ta\u015f\u0131mac\u0131l\u0131\u011f\u0131, \u015fehir i\u00e7i ve \u015fehirleraras\u0131 nakliyat hizmetlerimizle her zaman yan\u0131n\u0131zday\u0131z.<\/p>\n\n\n\n<p><\/p>\n\n\n\n<p>Ta\u015f\u0131nma s\u00fcrecinizle ilgili t\u00fcm sorular\u0131n\u0131z i\u00e7in a\u015fa\u011f\u0131daki ileti\u015fim kanallar\u0131m\u0131zdan bize ula\u015fabilirsiniz.<\/p>\n\n\n\n<figure class=\"wp-block-image size-full\"><img loading=\"lazy\" decoding=\"async\" width=\"259\" height=\"194\" src=\"https:\/\/hadimkoynakliyat.com.tr\/wp-content\/uploads\/2025\/07\/image.png\" alt=\"\" class=\"wp-image-92\"\/><\/figure>\n\n\n\n<p>YURT \u0130\u00c7\u0130 : <a href=\"mailto:0533 317 9080\">0533 317 9080<\/a><\/p>\n\n\n\n<p>YURT DI\u015eI : <a href=\"tel:0212 673 24 24\">0212 673 24 24<\/a><\/p>\n\n\n\n<p>E-posta: <a href=\"mailto:varlinakliyat@gmail.com\">varlinakliyat@gmail.com<\/a><\/p>\n\n\n\n<p>Bize telefon veya e-posta yoluyla ula\u015fabilir, h\u0131zl\u0131 teklif almak i\u00e7in ileti\u015fim formumuzu kullanabilirsiniz. Profesyonel ekibimiz en k\u0131sa s\u00fcrede size d\u00f6n\u00fc\u015f yapacakt\u0131r.<\/p>\n\n\n\n<p>Had\u0131mk\u00f6y Nakliyat olarak, geni\u015f ara\u00e7 filomuz ve deneyimli personelimizle e\u015fyalar\u0131n\u0131z\u0131 g\u00fcvenle ta\u015f\u0131yoruz. Zaman\u0131nda teslimat ve uygun fiyat garantisi ile ta\u015f\u0131nman\u0131n kolayl\u0131\u011f\u0131n\u0131 ya\u015fay\u0131n.<\/p>\n\n\n\n<p><\/p>\n","protected":false},"excerpt":{"rendered":"<p>Had\u0131mk\u00f6y Nakliyat \u0130leti\u015fim Had\u0131mk\u00f6y Nakliyat olarak, \u0130stanbul\u2019un Had\u0131mk\u00f6y b\u00f6lgesinde h\u0131zl\u0131, g\u00fcvenilir ve profesyonel nakliyat hizmeti sunuyoruz. Evden eve ta\u015f\u0131mac\u0131l\u0131k, ofis ta\u015f\u0131mac\u0131l\u0131\u011f\u0131, \u015fehir i\u00e7i ve \u015fehirleraras\u0131 nakliyat hizmetlerimizle her zaman yan\u0131n\u0131zday\u0131z. Ta\u015f\u0131nma s\u00fcrecinizle ilgili t\u00fcm sorular\u0131n\u0131z i\u00e7in a\u015fa\u011f\u0131daki ileti\u015fim kanallar\u0131m\u0131zdan bize ula\u015fabilirsiniz. YURT \u0130\u00c7\u0130 : 0533 317 9080 YURT DI\u015eI : 0212 673 24 24 E-posta: [&hellip;]<\/p>\n","protected":false},"author":1,"featured_media":0,"parent":0,"menu_order":0,"comment_status":"closed","ping_status":"closed","template":"","meta":{"footnotes":""},"class_list":["post-91","page","type-page","status-publish","hentry"],"_links":{"self":[{"href":"https:\/\/hadimkoynakliyat.com.tr\/index.php?rest_route=\/wp\/v2\/pages\/91","targetHints":{"allow":["GET"]}}],"collection":[{"href":"https:\/\/hadimkoynakliyat.com.tr\/index.php?rest_route=\/wp\/v2\/pages"}],"about":[{"href":"https:\/\/hadimkoynakliyat.com.tr\/index.php?rest_route=\/wp\/v2\/types\/page"}],"author":[{"embeddable":true,"href":"https:\/\/hadimkoynakliyat.com.tr\/index.php?rest_route=\/wp\/v2\/users\/1"}],"replies":[{"embeddable":true,"href":"https:\/\/hadimkoynakliyat.com.tr\/index.php?rest_route=%2Fwp%2Fv2%2Fcomments&post=91"}],"version-history":[{"count":2,"href":"https:\/\/hadimkoynakliyat.com.tr\/index.php?rest_route=\/wp\/v2\/pages\/91\/revisions"}],"predecessor-version":[{"id":96,"href":"https:\/\/hadimkoynakliyat.com.tr\/index.php?rest_route=\/wp\/v2\/pages\/91\/revisions\/96"}],"wp:attachment":[{"href":"https:\/\/hadimkoynakliyat.com.tr\/index.php?rest_route=%2Fwp%2Fv2%2Fmedia&parent=91"}],"curies":[{"name":"wp","href":"https:\/\/api.w.org\/{rel}","templated":true}]}}